{"id":252,"date":"2018-05-10T16:15:36","date_gmt":"2018-05-10T14:15:36","guid":{"rendered":"http:\/\/legalops.studiobrothers.pl\/?page_id=252"},"modified":"2018-05-22T09:50:29","modified_gmt":"2018-05-22T07:50:29","slug":"office","status":"publish","type":"page","link":"https:\/\/legalops.pl\/en\/office\/","title":{"rendered":"Office"},"content":{"rendered":"\r\n<h1>Maciej Puchalski<\/h1>\r\n\r\n\r\n&nbsp;\r\n\r\n<div class=\"wp-block-image\">\r\n<figure class=\"alignright\"><img decoding=\"async\" loading=\"lazy\" class=\"wp-image-65\" src=\"http:\/\/legalops.studiobrothers.pl\/wp-content\/uploads\/2018\/05\/maciek.jpg\" alt=\"\" width=\"540\" height=\"360\" srcset=\"https:\/\/legalops.pl\/wp-content\/uploads\/2018\/05\/maciek.jpg 700w, https:\/\/legalops.pl\/wp-content\/uploads\/2018\/05\/maciek-300x200.jpg 300w\" sizes=\"(max-width: 540px) 100vw, 540px\" \/><\/figure><\/div>\r\n\r\n&nbsp;\r\n\r\n\r\n\r\n<strong>Uniwersytet w Antwerpii<\/strong>\r\nPrawo Mi\u0119dzynarodowe i Europejskie\r\n\r\n<strong>Uniwersytet w Southampton<\/strong>\r\nL.L.M &#8211; prawo ubezpiecze\u0144 morskich, mi\u0119dzynarodowy\r\nhandel morski, przew\u00f3z towar\u00f3w drog\u0105 morsk\u0105\r\n\r\n<strong>Funkcje<\/strong>\r\nArbiter Mi\u0119dzynarodowego S\u0105du Arbitra\u017cowego\r\nprzy Krajowej Izbie Gospodarki Morskiej w Gdyni\r\n\r\n<strong>Cz\u0142onek Za\u0142o\u017cyciel<\/strong>\r\nPolskiego Stowarzyszenia Prawa Morskiego\r\n\r\n<strong>Udzia\u0142 w pracach Komisji<\/strong>\r\nKodyfikacyjnej Prawa Morskiego w\r\nzakresie ubezpiecze\u0144 morskich\r\n\r\n\r\n\r\n&nbsp;\r\n\r\n\r\n<div class=\"wp-block-spacer\" style=\"height: 50px;\" aria-hidden=\"true\"><\/div>\r\n\r\n\r\n&nbsp;\r\n\r\n\r\n\r\nJestem radc\u0105 prawnym i licencjonowanym doradc\u0105 podatkowym oraz nauczycielem akademickim w Wy\u017cszej Szkole Administracji i Biznesu im. Eugeniusza Kwiatkowskiego w Gdyni. Do\u015bwiadczenie zdobyte podczas pracy w kancelarii butikowej za\u0142o\u017conej przez by\u0142ych pracownik\u00f3w Ernst and Young (EY) oraz praca w dziale doradztwa podatkowego Deloitte umo\u017cliwi\u0142y mi zdobycie praktycznej wiedzy z zakresu prawa podatkowego oraz gospodarczego stosowanego przez najwi\u0119ksze wiod\u0105ce firmy w regionie Pomorza, jak r\u00f3wnie\u017c przez mi\u0119dzynarodowe korporacje.\r\n\r\n\r\n\r\n&nbsp;\r\n\r\n\r\n\r\nMoje dzia\u0142ania zawodowe skupiaj\u0105 si\u0119 przede wszystkim na kompleksowym doradztwie biznesowym, w tym doradztwie podatkowym i prawnym dla ma\u0142ych, \u015brednich i du\u017cych przedsi\u0119biorstw. Do\u015bwiadczenie oraz zrozumienie mechanizm\u00f3w biznesowych umo\u017cliwia mi wsp\u00f3\u0142prac\u0119 z wiod\u0105cymi dostawcami us\u0142ug IT na Pomorzu jak r\u00f3wnie\u017c osobami dzia\u0142aj\u0105cymi w bran\u017cy kreatywnej oraz z innymi przedsi\u0119biorcami.\r\n\r\n\r\n\r\n&nbsp;\r\n\r\n\r\n\r\nJe\u017celi potrzebujesz wsparcia prawnego lub z zakresu prawa podatkowego (masz kontrol\u0119 podatkow\u0105 lub po prostu masz problem z podatkami), zapraszam serdecznie do wsp\u00f3\u0142pracy.\r\n\r\n\r\n\r\n&nbsp;\r\n\r\n\r\n\r\nPomoc prawn\u0105 \u015bwiadcz\u0119 w j\u0119zyku polskim i angielskim.\r\n\r\n","protected":false},"excerpt":{"rendered":"<p>Maciej Puchalski &nbsp; &nbsp; Uniwersytet w Antwerpii Prawo Mi\u0119dzynarodowe i Europejskie Uniwersytet w Southampton L.L.M &#8211; prawo ubezpiecze\u0144 morskich, mi\u0119dzynarodowy handel morski, przew\u00f3z towar\u00f3w drog\u0105 morsk\u0105 Funkcje Arbiter Mi\u0119dzynarodowego S\u0105du Arbitra\u017cowego przy Krajowej Izbie Gospodarki Morskiej w Gdyni Cz\u0142onek Za\u0142o\u017cyciel Polskiego Stowarzyszenia Prawa Morskiego Udzia\u0142 w pracach Komisji Kodyfikacyjnej Prawa Morskiego w zakresie ubezpiecze\u0144 morskich [&hellip;]<\/p>\n","protected":false},"author":1,"featured_media":0,"parent":0,"menu_order":0,"comment_status":"closed","ping_status":"closed","template":"page-kancelaria.php","meta":[],"acf":[],"yoast_head":"<!-- This site is optimized with the Yoast SEO plugin v21.1 - https:\/\/yoast.com\/wordpress\/plugins\/seo\/ -->\n<title>Office | LegalOps<\/title>\n<meta name=\"description\" content=\"Doradca podatkowy, kancelaria prawna, prawo it dla firm. Doradztwo prawne, rodo podatki w IT obs\u0142uga prawna IT kancelaria prawna prawnik obs\u0142uga prawna firm\" \/>\n<meta name=\"robots\" content=\"index, follow, max-snippet:-1, max-image-preview:large, max-video-preview:-1\" \/>\n<link rel=\"canonical\" href=\"https:\/\/legalops.pl\/en\/office\/\" \/>\n<meta property=\"og:locale\" content=\"en_US\" \/>\n<meta property=\"og:type\" content=\"article\" \/>\n<meta property=\"og:title\" content=\"Office | LegalOps\" \/>\n<meta property=\"og:description\" content=\"Doradca podatkowy, kancelaria prawna, prawo it dla firm. Doradztwo prawne, rodo podatki w IT obs\u0142uga prawna IT kancelaria prawna prawnik obs\u0142uga prawna firm\" \/>\n<meta property=\"og:url\" content=\"https:\/\/legalops.pl\/en\/office\/\" \/>\n<meta property=\"og:site_name\" content=\"LegalOps\" \/>\n<meta property=\"article:modified_time\" content=\"2018-05-22T07:50:29+00:00\" \/>\n<meta property=\"og:image\" content=\"http:\/\/legalops.studiobrothers.pl\/wp-content\/uploads\/2018\/05\/maciek.jpg\" \/>\n<meta name=\"twitter:card\" content=\"summary_large_image\" \/>\n<meta name=\"twitter:label1\" content=\"Est. reading time\" \/>\n\t<meta name=\"twitter:data1\" content=\"1 minute\" \/>\n<script type=\"application\/ld+json\" class=\"yoast-schema-graph\">{\"@context\":\"https:\/\/schema.org\",\"@graph\":[{\"@type\":\"WebPage\",\"@id\":\"https:\/\/legalops.pl\/en\/office\/\",\"url\":\"https:\/\/legalops.pl\/en\/office\/\",\"name\":\"Office | LegalOps\",\"isPartOf\":{\"@id\":\"https:\/\/legalops.pl\/#website\"},\"datePublished\":\"2018-05-10T14:15:36+00:00\",\"dateModified\":\"2018-05-22T07:50:29+00:00\",\"description\":\"Doradca podatkowy, kancelaria prawna, prawo it dla firm. Doradztwo prawne, rodo podatki w IT obs\u0142uga prawna IT kancelaria prawna prawnik obs\u0142uga prawna firm\",\"breadcrumb\":{\"@id\":\"https:\/\/legalops.pl\/en\/office\/#breadcrumb\"},\"inLanguage\":\"en-US\",\"potentialAction\":[{\"@type\":\"ReadAction\",\"target\":[\"https:\/\/legalops.pl\/en\/office\/\"]}]},{\"@type\":\"BreadcrumbList\",\"@id\":\"https:\/\/legalops.pl\/en\/office\/#breadcrumb\",\"itemListElement\":[{\"@type\":\"ListItem\",\"position\":1,\"name\":\"Strona g\u0142\u00f3wna\",\"item\":\"https:\/\/legalops.pl\/en\/home-page\/\"},{\"@type\":\"ListItem\",\"position\":2,\"name\":\"Office\"}]},{\"@type\":\"WebSite\",\"@id\":\"https:\/\/legalops.pl\/#website\",\"url\":\"https:\/\/legalops.pl\/\",\"name\":\"LegalOps\",\"description\":\"\",\"publisher\":{\"@id\":\"https:\/\/legalops.pl\/#organization\"},\"potentialAction\":[{\"@type\":\"SearchAction\",\"target\":{\"@type\":\"EntryPoint\",\"urlTemplate\":\"https:\/\/legalops.pl\/?s={search_term_string}\"},\"query-input\":\"required name=search_term_string\"}],\"inLanguage\":\"en-US\"},{\"@type\":\"Organization\",\"@id\":\"https:\/\/legalops.pl\/#organization\",\"name\":\"LegalOps\",\"url\":\"https:\/\/legalops.pl\/\",\"logo\":{\"@type\":\"ImageObject\",\"inLanguage\":\"en-US\",\"@id\":\"https:\/\/legalops.pl\/#\/schema\/logo\/image\/\",\"url\":\"https:\/\/legalops.pl\/wp-content\/uploads\/2018\/05\/logo.svg\",\"contentUrl\":\"https:\/\/legalops.pl\/wp-content\/uploads\/2018\/05\/logo.svg\",\"width\":1,\"height\":1,\"caption\":\"LegalOps\"},\"image\":{\"@id\":\"https:\/\/legalops.pl\/#\/schema\/logo\/image\/\"}}]}<\/script>\n<!-- \/ Yoast SEO plugin. -->","yoast_head_json":{"title":"Office | LegalOps","description":"Doradca podatkowy, kancelaria prawna, prawo it dla firm. Doradztwo prawne, rodo podatki w IT obs\u0142uga prawna IT kancelaria prawna prawnik obs\u0142uga prawna firm","robots":{"index":"index","follow":"follow","max-snippet":"max-snippet:-1","max-image-preview":"max-image-preview:large","max-video-preview":"max-video-preview:-1"},"canonical":"https:\/\/legalops.pl\/en\/office\/","og_locale":"en_US","og_type":"article","og_title":"Office | LegalOps","og_description":"Doradca podatkowy, kancelaria prawna, prawo it dla firm. Doradztwo prawne, rodo podatki w IT obs\u0142uga prawna IT kancelaria prawna prawnik obs\u0142uga prawna firm","og_url":"https:\/\/legalops.pl\/en\/office\/","og_site_name":"LegalOps","article_modified_time":"2018-05-22T07:50:29+00:00","og_image":[{"url":"http:\/\/legalops.studiobrothers.pl\/wp-content\/uploads\/2018\/05\/maciek.jpg"}],"twitter_card":"summary_large_image","twitter_misc":{"Est. reading time":"1 minute"},"schema":{"@context":"https:\/\/schema.org","@graph":[{"@type":"WebPage","@id":"https:\/\/legalops.pl\/en\/office\/","url":"https:\/\/legalops.pl\/en\/office\/","name":"Office | LegalOps","isPartOf":{"@id":"https:\/\/legalops.pl\/#website"},"datePublished":"2018-05-10T14:15:36+00:00","dateModified":"2018-05-22T07:50:29+00:00","description":"Doradca podatkowy, kancelaria prawna, prawo it dla firm. Doradztwo prawne, rodo podatki w IT obs\u0142uga prawna IT kancelaria prawna prawnik obs\u0142uga prawna firm","breadcrumb":{"@id":"https:\/\/legalops.pl\/en\/office\/#breadcrumb"},"inLanguage":"en-US","potentialAction":[{"@type":"ReadAction","target":["https:\/\/legalops.pl\/en\/office\/"]}]},{"@type":"BreadcrumbList","@id":"https:\/\/legalops.pl\/en\/office\/#breadcrumb","itemListElement":[{"@type":"ListItem","position":1,"name":"Strona g\u0142\u00f3wna","item":"https:\/\/legalops.pl\/en\/home-page\/"},{"@type":"ListItem","position":2,"name":"Office"}]},{"@type":"WebSite","@id":"https:\/\/legalops.pl\/#website","url":"https:\/\/legalops.pl\/","name":"LegalOps","description":"","publisher":{"@id":"https:\/\/legalops.pl\/#organization"},"potentialAction":[{"@type":"SearchAction","target":{"@type":"EntryPoint","urlTemplate":"https:\/\/legalops.pl\/?s={search_term_string}"},"query-input":"required name=search_term_string"}],"inLanguage":"en-US"},{"@type":"Organization","@id":"https:\/\/legalops.pl\/#organization","name":"LegalOps","url":"https:\/\/legalops.pl\/","logo":{"@type":"ImageObject","inLanguage":"en-US","@id":"https:\/\/legalops.pl\/#\/schema\/logo\/image\/","url":"https:\/\/legalops.pl\/wp-content\/uploads\/2018\/05\/logo.svg","contentUrl":"https:\/\/legalops.pl\/wp-content\/uploads\/2018\/05\/logo.svg","width":1,"height":1,"caption":"LegalOps"},"image":{"@id":"https:\/\/legalops.pl\/#\/schema\/logo\/image\/"}}]}},"_links":{"self":[{"href":"https:\/\/legalops.pl\/en\/wp-json\/wp\/v2\/pages\/252"}],"collection":[{"href":"https:\/\/legalops.pl\/en\/wp-json\/wp\/v2\/pages"}],"about":[{"href":"https:\/\/legalops.pl\/en\/wp-json\/wp\/v2\/types\/page"}],"author":[{"embeddable":true,"href":"https:\/\/legalops.pl\/en\/wp-json\/wp\/v2\/users\/1"}],"replies":[{"embeddable":true,"href":"https:\/\/legalops.pl\/en\/wp-json\/wp\/v2\/comments?post=252"}],"version-history":[{"count":5,"href":"https:\/\/legalops.pl\/en\/wp-json\/wp\/v2\/pages\/252\/revisions"}],"predecessor-version":[{"id":425,"href":"https:\/\/legalops.pl\/en\/wp-json\/wp\/v2\/pages\/252\/revisions\/425"}],"wp:attachment":[{"href":"https:\/\/legalops.pl\/en\/wp-json\/wp\/v2\/media?parent=252"}],"curies":[{"name":"wp","href":"https:\/\/api.w.org\/{rel}","templated":true}]}}